{"id":36,"date":"2020-03-17T22:34:24","date_gmt":"2020-03-17T22:34:24","guid":{"rendered":"http:\/\/www.spielzeugmuseum-lannach.at\/?page_id=36"},"modified":"2020-04-18T18:03:04","modified_gmt":"2020-04-18T18:03:04","slug":"impressum","status":"publish","type":"page","link":"https:\/\/www.spielzeugmuseum-lannach.at\/?page_id=36","title":{"rendered":"Impressum"},"content":{"rendered":"\n<p><\/p>\n\n\n\n<p class=\"has-medium-font-size\">Offenlegung nach \u00a7 25 Mediengesetz<\/p>\n\n\n\n<p class=\"has-medium-font-size\">www.spielzeugmuseum-lannach.at ist eine Homepage, die vom Verein &#8222;Teddyb\u00e4r und Spielzeugmuseum Lannach&#8220; betrieben wird.<\/p>\n\n\n\n<p class=\"has-medium-font-size\">Wir \u00fcbernehmen weiters keine Verantwortung f\u00fcr externe Inhalte, auf die wir mittels Hyperlink verweisen und machen darauf aufmerksam, dass unser Informationsangebot laufenden \u00c4nderungen unterliegt.<\/p>\n\n\n\n<p class=\"has-medium-font-size\">Herausgeber<br>Verein &#8222;Teddyb\u00e4r und Spielzeugmuseum Lannach&#8220;<br>Klugweg 2 8502 Lannach<br>Tel: +43 664 3823 988<br>ZVR 1520633516<br>e-mail: info(at)spielzeugmuseum-lannach.at  <\/p>\n\n\n\n<p class=\"has-medium-font-size\">Verantwortlich f\u00fcr den Inhalt<br>Verein &#8222;Teddyb\u00e4r und Spielzeugmuseum -Lannach&#8220;<br>e-mail: info(at)spielzeugmuseum-lannach.at<\/p>\n","protected":false},"excerpt":{"rendered":"<p>Offenlegung nach \u00a7 25 Mediengesetz www.spielzeugmuseum-lannach.at ist eine Homepage, die vom Verein &#8222;Teddyb\u00e4r und Spielzeugmuseum Lannach&#8220; betrieben wird. Wir \u00fcbernehmen weiters keine Verantwortung f\u00fcr externe Inhalte, auf die wir mittels Hyperlink verweisen und machen darauf aufmerksam, dass unser Informationsangebot laufenden \u00c4nderungen unterliegt. HerausgeberVerein &#8222;Teddyb\u00e4r und Spielzeugmuseum Lannach&#8220;Klugweg 2 8502 LannachTel: +43 664 3823 988ZVR 1520633516e-mail: info(at)spielzeugmuseum-lannach.at Verantwortlich f\u00fcr den InhaltVerein &#8222;Teddyb\u00e4r und Spielzeugmuseum -Lannach&#8220;e-mail: info(at)spielzeugmuseum-lannach.at<\/p>\n","protected":false},"author":1,"featured_media":0,"parent":0,"menu_order":0,"comment_status":"closed","ping_status":"closed","template":"","meta":{"footnotes":""},"class_list":["post-36","page","type-page","status-publish","hentry"],"_links":{"self":[{"href":"https:\/\/www.spielzeugmuseum-lannach.at\/index.php?rest_route=\/wp\/v2\/pages\/36"}],"collection":[{"href":"https:\/\/www.spielzeugmuseum-lannach.at\/index.php?rest_route=\/wp\/v2\/pages"}],"about":[{"href":"https:\/\/www.spielzeugmuseum-lannach.at\/index.php?rest_route=\/wp\/v2\/types\/page"}],"author":[{"embeddable":true,"href":"https:\/\/www.spielzeugmuseum-lannach.at\/index.php?rest_route=\/wp\/v2\/users\/1"}],"replies":[{"embeddable":true,"href":"https:\/\/www.spielzeugmuseum-lannach.at\/index.php?rest_route=%2Fwp%2Fv2%2Fcomments&post=36"}],"version-history":[{"count":5,"href":"https:\/\/www.spielzeugmuseum-lannach.at\/index.php?rest_route=\/wp\/v2\/pages\/36\/revisions"}],"predecessor-version":[{"id":197,"href":"https:\/\/www.spielzeugmuseum-lannach.at\/index.php?rest_route=\/wp\/v2\/pages\/36\/revisions\/197"}],"wp:attachment":[{"href":"https:\/\/www.spielzeugmuseum-lannach.at\/index.php?rest_route=%2Fwp%2Fv2%2Fmedia&parent=36"}],"curies":[{"name":"wp","href":"https:\/\/api.w.org\/{rel}","templated":true}]}}