{"id":32,"date":"2020-03-17T22:33:07","date_gmt":"2020-03-17T22:33:07","guid":{"rendered":"http:\/\/www.spielzeugmuseum-lannach.at\/?page_id=32"},"modified":"2021-08-23T06:51:55","modified_gmt":"2021-08-23T06:51:55","slug":"history","status":"publish","type":"page","link":"https:\/\/www.spielzeugmuseum-lannach.at\/?page_id=32","title":{"rendered":"History"},"content":{"rendered":"\n<p><\/p>\n\n\n<p class=\"has-medium-font-size\"><strong>Wie kam es dazu ein Museum zu gr\u00fcnden?<\/strong><\/p>\n<p class=\"has-medium-font-size\">Die Sammelleidenschaft zum alten Spielzeug ber\u00fchrt uns schon seit \u00fcber 30 Jahren. Begonnen hat es mit einem Workshop, in welchem ein eigener Teddy unter Anleitung gen\u00e4ht, gestopft, zusammengebaut und mit Schnauzengarn und Pfotenfilz ausgestattet wurde. Als Vorbild dazu d\u00fcrfte ein fr\u00fcher Steiff Teddy mit den langen Armen gedient haben. Damit war das Interesse an Teddyb\u00e4ren geweckt. Dann ging alles sehr schnell: Zubeh\u00f6r und Ascessoires gesellten sich zu den Teddies, deren Auswahl sich auf nahezu alle Produzenten erweiterte.<\/p>\n<p class=\"has-medium-font-size\">In der Folge durften andere Spielzeugprodukte, wie Puppen und Puppenstuben, Tretautos, Holzspielzeuge, R\u00e4der- und Reifentiere sowie M\u00e4rchenszenen die Sammlung erg\u00e4nzen. Die stilgerechten, liebevollen Szenenzusammenstellungen brachte Freunde und Bekannte auf die Idee, uns zur \u00f6ffentlichen Ausstellung zu bewegen. Der Gedanke sprang auf uns \u00fcber und wir entschlossen uns, das Teddyb\u00e4r und Spielzeug Museum Lannach zu verwirklichen.<\/p>\n<p class=\"has-medium-font-size\">Am 4. Juli 2020 war es dann so weit. Es fand die offizielle Er\u00f6ffnung in Beisein von B\u00fcrgermeister Josef Niggas statt.<\/p>\n<p><\/p>\n<p><\/p>","protected":false},"excerpt":{"rendered":"<p>Wie kam es dazu ein Museum zu gr\u00fcnden? Die Sammelleidenschaft zum alten Spielzeug ber\u00fchrt uns schon seit \u00fcber 30 Jahren. Begonnen hat es mit einem Workshop, in welchem ein eigener Teddy unter Anleitung gen\u00e4ht, gestopft, zusammengebaut und mit Schnauzengarn und Pfotenfilz ausgestattet wurde. Als Vorbild dazu d\u00fcrfte ein fr\u00fcher Steiff Teddy mit den langen Armen gedient haben. Damit war das Interesse an Teddyb\u00e4ren geweckt. Dann ging alles sehr schnell: Zubeh\u00f6r und Ascessoires gesellten sich zu den Teddies, deren Auswahl sich auf nahezu alle Produzenten erweiterte. In der Folge durften andere Spielzeugprodukte, wie Puppen und Puppenstuben, Tretautos, Holzspielzeuge, R\u00e4der- und Reifentiere sowie M\u00e4rchenszenen die Sammlung erg\u00e4nzen. Die stilgerechten, liebevollen Szenenzusammenstellungen brachte Freunde und Bekannte auf die Idee, uns zur \u00f6ffentlichen Ausstellung zu bewegen. Der Gedanke sprang auf uns \u00fcber und wir entschlossen uns, das Teddyb\u00e4r und Spielzeug Museum Lannach zu verwirklichen. Am 4. Juli 2020 war es dann so weit. Es fand die offizielle Er\u00f6ffnung in Beisein von B\u00fcrgermeister Josef Niggas statt.<\/p>\n","protected":false},"author":1,"featured_media":0,"parent":0,"menu_order":0,"comment_status":"closed","ping_status":"closed","template":"","meta":{"footnotes":""},"class_list":["post-32","page","type-page","status-publish","hentry"],"_links":{"self":[{"href":"https:\/\/www.spielzeugmuseum-lannach.at\/index.php?rest_route=\/wp\/v2\/pages\/32"}],"collection":[{"href":"https:\/\/www.spielzeugmuseum-lannach.at\/index.php?rest_route=\/wp\/v2\/pages"}],"about":[{"href":"https:\/\/www.spielzeugmuseum-lannach.at\/index.php?rest_route=\/wp\/v2\/types\/page"}],"author":[{"embeddable":true,"href":"https:\/\/www.spielzeugmuseum-lannach.at\/index.php?rest_route=\/wp\/v2\/users\/1"}],"replies":[{"embeddable":true,"href":"https:\/\/www.spielzeugmuseum-lannach.at\/index.php?rest_route=%2Fwp%2Fv2%2Fcomments&post=32"}],"version-history":[{"count":5,"href":"https:\/\/www.spielzeugmuseum-lannach.at\/index.php?rest_route=\/wp\/v2\/pages\/32\/revisions"}],"predecessor-version":[{"id":591,"href":"https:\/\/www.spielzeugmuseum-lannach.at\/index.php?rest_route=\/wp\/v2\/pages\/32\/revisions\/591"}],"wp:attachment":[{"href":"https:\/\/www.spielzeugmuseum-lannach.at\/index.php?rest_route=%2Fwp%2Fv2%2Fmedia&parent=32"}],"curies":[{"name":"wp","href":"https:\/\/api.w.org\/{rel}","templated":true}]}}