{"id":21,"date":"2020-03-17T22:34:03","date_gmt":"2020-03-17T22:34:03","guid":{"rendered":"http:\/\/www.spielzeugmuseum-lannach.at\/?page_id=21"},"modified":"2023-01-11T08:46:49","modified_gmt":"2023-01-11T07:46:49","slug":"home","status":"publish","type":"page","link":"https:\/\/www.spielzeugmuseum-lannach.at\/?page_id=21","title":{"rendered":"Home"},"content":{"rendered":"\n<p><\/p>\n\n\n\n<p class=\"has-medium-font-size\"><strong>Wir zeigen in unserem Privatmuseum \u00fcber 3000 Exponate: von Schuco Arche Noah Tieren bis zur Studiotier Giraffe der Firma Steiff.<\/strong><\/p>\n\n\n\n<ul class=\"has-medium-font-size wp-block-list\"><li>Mehr als 30 Puppenstuben und Puppenk\u00fcchen<\/li><li>K\u00e4the-Kruse und Steiff-Filzpuppen<\/li><li>Die ber\u00fchmten Holzfiguren von Schoenhut \u2013 unter ihnen der Humpty Dumpty Circus<\/li><li>Lebensgro\u00dfe K\u00e4the Kruse Schaufensterpuppen im &#8222;Kinderzimmer&#8220;<\/li><li>\u00dcber 500 Teddies aus der ganzen Welt aus 120 Jahren Teddyb\u00e4rengeschichte.<\/li><li>M\u00e4rchenszenen <\/li><li>Holzspielzeug aus dem Erzgebirge<\/li><li>R\u00e4der- und Reifentiere<\/li><li>Porzellanpuppen und Puppengeschirr<\/li><li>Tretautos <\/li><li>Unserer Exponate sind in ansprechenden, liebevollen Szenen zusammengestellt und erfreuen das Herz des Betrachters.<\/li><li>Machen sie einen kurzen <a href=\"http:\/\/www.spielzeugmuseum-lannach.at\/wp-content\/uploads\/2021\/12\/Schau-mal-rein.mp4\" data-type=\"URL\" data-id=\"http:\/\/www.spielzeugmuseum-lannach.at\/wp-content\/uploads\/2021\/12\/Schau-mal-rein.mp4\">Rundgang <\/a>durch das Museum. <\/li><li> Wer mit Anker Bausteinen der ber\u00fchmten Fa. F. Ad. Richter spielen m\u00f6chte, findet dazu eine gro\u00dfe Auswahl<\/li><\/ul>\n\n\n\n<p class=\"has-medium-font-size\"><\/p>\n","protected":false},"excerpt":{"rendered":"<p>Wir zeigen in unserem Privatmuseum \u00fcber 3000 Exponate: von Schuco Arche Noah Tieren bis zur Studiotier Giraffe der Firma Steiff. Mehr als 30 Puppenstuben und Puppenk\u00fcchen K\u00e4the-Kruse und Steiff-Filzpuppen Die ber\u00fchmten Holzfiguren von Schoenhut \u2013 unter ihnen der Humpty Dumpty Circus Lebensgro\u00dfe K\u00e4the Kruse Schaufensterpuppen im &#8222;Kinderzimmer&#8220; \u00dcber 500 Teddies aus der ganzen Welt aus 120 Jahren Teddyb\u00e4rengeschichte. M\u00e4rchenszenen Holzspielzeug aus dem Erzgebirge R\u00e4der- und Reifentiere Porzellanpuppen und Puppengeschirr Tretautos Unserer Exponate sind in ansprechenden, liebevollen Szenen zusammengestellt und erfreuen das Herz des Betrachters. Machen sie einen kurzen Rundgang durch das Museum. Wer mit Anker Bausteinen der ber\u00fchmten Fa. F. Ad. Richter spielen m\u00f6chte, findet dazu eine gro\u00dfe Auswahl<\/p>\n","protected":false},"author":1,"featured_media":0,"parent":0,"menu_order":0,"comment_status":"closed","ping_status":"closed","template":"","meta":{"footnotes":""},"class_list":["post-21","page","type-page","status-publish","hentry"],"_links":{"self":[{"href":"https:\/\/www.spielzeugmuseum-lannach.at\/index.php?rest_route=\/wp\/v2\/pages\/21"}],"collection":[{"href":"https:\/\/www.spielzeugmuseum-lannach.at\/index.php?rest_route=\/wp\/v2\/pages"}],"about":[{"href":"https:\/\/www.spielzeugmuseum-lannach.at\/index.php?rest_route=\/wp\/v2\/types\/page"}],"author":[{"embeddable":true,"href":"https:\/\/www.spielzeugmuseum-lannach.at\/index.php?rest_route=\/wp\/v2\/users\/1"}],"replies":[{"embeddable":true,"href":"https:\/\/www.spielzeugmuseum-lannach.at\/index.php?rest_route=%2Fwp%2Fv2%2Fcomments&post=21"}],"version-history":[{"count":15,"href":"https:\/\/www.spielzeugmuseum-lannach.at\/index.php?rest_route=\/wp\/v2\/pages\/21\/revisions"}],"predecessor-version":[{"id":858,"href":"https:\/\/www.spielzeugmuseum-lannach.at\/index.php?rest_route=\/wp\/v2\/pages\/21\/revisions\/858"}],"wp:attachment":[{"href":"https:\/\/www.spielzeugmuseum-lannach.at\/index.php?rest_route=%2Fwp%2Fv2%2Fmedia&parent=21"}],"curies":[{"name":"wp","href":"https:\/\/api.w.org\/{rel}","templated":true}]}}