{"id":155,"date":"2020-03-31T18:37:53","date_gmt":"2020-03-31T18:37:53","guid":{"rendered":"http:\/\/www.spielzeugmuseum-lannach.at\/?page_id=155"},"modified":"2023-01-11T08:48:37","modified_gmt":"2023-01-11T07:48:37","slug":"hausordnung","status":"publish","type":"page","link":"https:\/\/www.spielzeugmuseum-lannach.at\/?page_id=155","title":{"rendered":"Besuchsordnung"},"content":{"rendered":"\n<p><\/p>\n\n\n\n<p class=\"has-medium-font-size\">Das Museum ist video \u00fcberwacht. <\/p>\n\n\n\n<p class=\"has-medium-font-size\">Wir ersuchen die Besucher unseres Privat-Museums folgende Regeln zu befolgen:<\/p>\n\n\n\n<ul><li>Der direkte Zugang zum Museum ist nur \u00fcber die Zufahrt gestattet.  <\/li><li>Ein Betreten des restlichen Grundst\u00fcckes ist nicht erlaubt. <\/li><li>Das Mitbringen von Hunden oder anderen Haustieren ist verboten. <\/li><li>Eltern bzw. Erwachsene haften f\u00fcr ihre bzw. f\u00fcr die ihnen anvertrauten Kinder.<br>Es wird darauf hingewiesen, dass sich am Grundst\u00fcck Gew\u00e4sser mit einer Tiefe bis zu 2 Metern befinden. Das Betreten der Gew\u00e4sser ist ebenfalls verboten. <\/li><li>Das Fotografieren am Grundst\u00fcck ist nicht gestattet. <\/li><\/ul>\n\n\n\n<p class=\"has-medium-font-size\">Sie sind herzlich willkommen, wenn sie diesen Bedingungen zustimmen.<\/p>\n\n\n\n<p class=\"has-medium-font-size\"><br> <\/p>\n","protected":false},"excerpt":{"rendered":"<p>Das Museum ist video \u00fcberwacht. Wir ersuchen die Besucher unseres Privat-Museums folgende Regeln zu befolgen: Der direkte Zugang zum Museum ist nur \u00fcber die Zufahrt gestattet. Ein Betreten des restlichen Grundst\u00fcckes ist nicht erlaubt. Das Mitbringen von Hunden oder anderen Haustieren ist verboten. Eltern bzw. Erwachsene haften f\u00fcr ihre bzw. f\u00fcr die ihnen anvertrauten Kinder.Es wird darauf hingewiesen, dass sich am Grundst\u00fcck Gew\u00e4sser mit einer Tiefe bis zu 2 Metern befinden. Das Betreten der Gew\u00e4sser ist ebenfalls verboten. Das Fotografieren am Grundst\u00fcck ist nicht gestattet. Sie sind herzlich willkommen, wenn sie diesen Bedingungen zustimmen.<\/p>\n","protected":false},"author":1,"featured_media":0,"parent":0,"menu_order":0,"comment_status":"closed","ping_status":"closed","template":"","meta":{"footnotes":""},"class_list":["post-155","page","type-page","status-publish","hentry"],"_links":{"self":[{"href":"https:\/\/www.spielzeugmuseum-lannach.at\/index.php?rest_route=\/wp\/v2\/pages\/155"}],"collection":[{"href":"https:\/\/www.spielzeugmuseum-lannach.at\/index.php?rest_route=\/wp\/v2\/pages"}],"about":[{"href":"https:\/\/www.spielzeugmuseum-lannach.at\/index.php?rest_route=\/wp\/v2\/types\/page"}],"author":[{"embeddable":true,"href":"https:\/\/www.spielzeugmuseum-lannach.at\/index.php?rest_route=\/wp\/v2\/users\/1"}],"replies":[{"embeddable":true,"href":"https:\/\/www.spielzeugmuseum-lannach.at\/index.php?rest_route=%2Fwp%2Fv2%2Fcomments&post=155"}],"version-history":[{"count":20,"href":"https:\/\/www.spielzeugmuseum-lannach.at\/index.php?rest_route=\/wp\/v2\/pages\/155\/revisions"}],"predecessor-version":[{"id":859,"href":"https:\/\/www.spielzeugmuseum-lannach.at\/index.php?rest_route=\/wp\/v2\/pages\/155\/revisions\/859"}],"wp:attachment":[{"href":"https:\/\/www.spielzeugmuseum-lannach.at\/index.php?rest_route=%2Fwp%2Fv2%2Fmedia&parent=155"}],"curies":[{"name":"wp","href":"https:\/\/api.w.org\/{rel}","templated":true}]}}